{"id":1240,"date":"2022-03-18T11:46:34","date_gmt":"2022-03-18T11:46:34","guid":{"rendered":"https:\/\/offy.pt\/?page_id=1240"},"modified":"2022-03-21T11:32:11","modified_gmt":"2022-03-21T11:32:11","slug":"privacy","status":"publish","type":"page","link":"https:\/\/offy.pt\/index.php\/en\/privacy\/","title":{"rendered":"Privacy &#8211; EN"},"content":{"rendered":"[vc_row type=&#8221;in_container&#8221; full_screen_row_position=&#8221;middle&#8221; scene_position=&#8221;center&#8221; text_color=&#8221;dark&#8221; text_align=&#8221;left&#8221; overlay_strength=&#8221;0.3&#8243; shape_divider_position=&#8221;bottom&#8221; bg_image_animation=&#8221;none&#8221;][vc_column column_padding=&#8221;no-extra-padding&#8221; column_padding_position=&#8221;all&#8221; background_color_opacity=&#8221;1&#8243; background_hover_color_opacity=&#8221;1&#8243; column_link_target=&#8221;_self&#8221; column_shadow=&#8221;none&#8221; column_border_radius=&#8221;none&#8221; width=&#8221;1\/1&#8243; tablet_width_inherit=&#8221;default&#8221; tablet_text_alignment=&#8221;default&#8221; phone_text_alignment=&#8221;default&#8221; column_border_width=&#8221;none&#8221; column_border_style=&#8221;solid&#8221; bg_image_animation=&#8221;none&#8221; enable_animation=&#8221;true&#8221; animation=&#8221;fade-in-from-bottom&#8221;][vc_custom_heading text=&#8221;PRIVACY POLICY&#8221; font_container=&#8221;tag:h3|text_align:left|color:%23009cdb&#8221; use_theme_fonts=&#8221;yes&#8221;][\/vc_column][\/vc_row][vc_row type=&#8221;in_container&#8221; full_screen_row_position=&#8221;middle&#8221; scene_position=&#8221;center&#8221; text_color=&#8221;dark&#8221; text_align=&#8221;left&#8221; overlay_strength=&#8221;0.3&#8243; shape_divider_position=&#8221;bottom&#8221; bg_image_animation=&#8221;none&#8221;][vc_column column_padding=&#8221;no-extra-padding&#8221; column_padding_position=&#8221;all&#8221; background_color_opacity=&#8221;1&#8243; background_hover_color_opacity=&#8221;1&#8243; column_link_target=&#8221;_self&#8221; column_shadow=&#8221;none&#8221; column_border_radius=&#8221;none&#8221; width=&#8221;1\/1&#8243; tablet_width_inherit=&#8221;default&#8221; tablet_text_alignment=&#8221;default&#8221; phone_text_alignment=&#8221;default&#8221; column_border_width=&#8221;none&#8221; column_border_style=&#8221;solid&#8221; bg_image_animation=&#8221;none&#8221; enable_animation=&#8221;true&#8221; animation=&#8221;fade-in-from-bottom&#8221;][vc_column_text]This website and its contents are owned by FJMPC &#8211; Inform\u00e1tica, Com\u00e9rcio e Servi\u00e7os, Lda.<br \/>\nThis privacy policy will explain how our organization uses the personal data we collect from you when you use our website.<\/p>\n<p>Topics:<br \/>\n1) What data do we collect?<br \/>\n2) How do we collect your data?<br \/>\n3) How will we use your data?<br \/>\n4) How do we store your data?<br \/>\n5) Marketing<br \/>\n6) What are your data protection rights?<br \/>\n7) Children&#8217;s privacy<br \/>\n8) What are cookies?<br \/>\n9) How do we use cookies?<br \/>\n10) What types of cookies do we use?<br \/>\n12) How to manage your cookies<br \/>\n13) Privacy policies of other websites<br \/>\n14) Changes to our privacy policy<br \/>\n15) How to contact us<br \/>\n16) How to contact the appropriate authorities<\/p>\n<p><strong>1) What data do we collect?<\/strong><\/p>\n<p>Personal data<br \/>\nWhile using our service, we may ask you to provide us with certain personally identifiable information that can be used to contact or identify you.<br \/>\nPersonally identifiable information may include, but is not limited to:<br \/>\n&#8211; First and last name<br \/>\n&#8211; Email address<\/p>\n<p>Usage data<br \/>\nUsage data is collected automatically when using our service.<br \/>\nUsage data may include information such as your device&#8217;s internet protocol address (IP address), browser type, browser version, the pages of our website that you visit, the time and date of your visit, the time spent on those pages, unique device identifiers and other diagnostic data.<br \/>\nWhen you access our service, by or through a mobile device, we may collect certain information automatically, including, but not limited to, the type of mobile device you use, your mobile device unique ID, the IP address of your mobile device, your mobile operating system, the type of mobile internet browser you use, unique device identifiers and other diagnostic data.<br \/>\nWe may also collect information that your browser sends whenever you visit our service.<\/p>\n<p><strong>2) How do we collect your data?<\/strong><br \/>\nWe collect data and process data when you:<br \/>\n&#8211; Voluntarily complete a customer survey or provide feedback on any of our message boards or via email.<br \/>\n&#8211; Submit a message through our website\u2019s contact forms.<br \/>\n&#8211; Use or view our website via your browser&#8217;s cookies.<\/p>\n<p><strong>3) How will we use your data?<\/strong><br \/>\nOur company collects your data so that we can provide product and user support.<\/p>\n<p><strong>4) How do we store your data?<\/strong><br \/>\nOur company assures that it has adopted the technical and organizational measures to ensure security of data throughout our databases.<br \/>\nYour data will only be stored by the necessary amount of time in order to provide the intended service or support.<\/p>\n<p><strong>5) Marketing<\/strong><br \/>\nOur company would like to send you information about products and services of ours that we think you might like.<br \/>\nIf you have agreed to receive marketing messages, you may always opt out at a later date.<br \/>\nYou have the right at any time to stop our company from contacting you for marketing purposes.<br \/>\nIf you no longer wish to be contacted for marketing purposes, please let us know through the contact form at our contact page.<\/p>\n<p><strong>6) What are your data protection rights?<\/strong><br \/>\nWe would like to make sure you are fully aware of all of your data protection rights.<br \/>\nEvery user is entitled to the following:<br \/>\nThe right to access &#8211; You have the right to request copies of your personal data. We may charge you a small fee for this service.<br \/>\nThe right to rectification &#8211; You have the right to request that we correct any information you believe is inaccurate. You also have the right to request to complete information you believe is incomplete.<br \/>\nThe right to erasure &#8211; You have the right to request that we erase your personal data, under certain conditions.<br \/>\nThe right to restrict processing &#8211; You have the right to request that we restrict the processing of your personal data, under certain conditions.<br \/>\nThe right to object to processing &#8211; You have the right to object to our company&#8217;s processing of your personal data, under certain conditions.<br \/>\nThe right to data portability &#8211; You have the right to request that we transfer the data that we have collected to another organization, or directly to you, under certain conditions.<br \/>\nIf you make a request, we have one month to respond. If you would like to exercise any of these rights, please contact us through the contact form at our contact page.<\/p>\n<p><strong>7) Children&#8217;s Privacy<\/strong><br \/>\nWe do not knowingly collect personally identifiable information from anyone under the age of 13.<br \/>\nIf you are a parent or guardian and you are aware that your child has provided us with personal data, please contact us.<br \/>\nIf we become aware that we have collected personal data from anyone under the age of 13 without verification of parental consent, we will take steps to remove that information from our databases.<br \/>\nIf we need to rely on consent as a legal basis for processing your information and your country requires consent from a parent, we may require your parent&#8217;s consent before we collect and use that information.<\/p>\n<p><strong>8) What are cookies?<\/strong><br \/>\nCookies are text files placed on your device to collect standard Internet log information and visitor behavior information. When you visit our website, we may collect information from you automatically through cookies or similar technology.<\/p>\n<p><strong>9) How do we use cookies?<\/strong><br \/>\nWe use cookies in a range of ways to improve your experience on our website, including:<br \/>\nGoogle reCAPTCHA:<br \/>\n\u2013 Provide spam protection<br \/>\nGoogle Analytics: Store and count pageviews<br \/>\nPolylang: Store language settings<br \/>\nGoogle Fonts: Read user IP address<br \/>\nFacebook:<br \/>\n\u2013 Store last visit<br \/>\n\u2013 Store account details<br \/>\n\u2013 Store a unique session ID<br \/>\n\u2013 Provide ad delivery or retargeting<br \/>\n\u2013 Store logged in users<br \/>\n\u2013 Store and track visits across websites<br \/>\n\u2013 Provide fraud prevention<br \/>\n\u2013 Store a unique user ID<br \/>\n\u2013 Store browser details<br \/>\n\u2013 Store account details<br \/>\n\u2013 Read screen resolution<br \/>\n\u2013 Provide fraud prevention<br \/>\n\u2013 Store and track if the browser tab is active<br \/>\nTwitter:<br \/>\n&#8211; Provide load balancing functionality<br \/>\n&#8211; Store if the user has seen embedded content<br \/>\nInstagram: Store ad display frequency<\/p>\n<p><strong>10) What types of cookies do we use?<\/strong><\/p>\n<p>Technical or functional cookies<br \/>\nSome cookies ensure that certain parts of the website work properly and that your user preferences remain known.<br \/>\nBy placing functional cookies, we make it easier for you to visit our website. This way, you do not need to repeatedly enter the same information when visiting our website and, for example, the items remain in your shopping cart until you have paid your order.<br \/>\nWe may place these cookies without your consent.<\/p>\n<p>Statistics cookies<br \/>\nWe use statistics cookies to optimise the website experience for our users. With these statistics cookies we get insights in the usage of our website.<br \/>\nWe ask your permission to place statistics cookies.<\/p>\n<p>Marketing cookies<br \/>\nMarketing\/tracking cookies are cookies or any other form of local storage, used to create user profiles to display advertising or to track the user on this website or across several websites for similar marketing purposes.<br \/>\nWe ask your permission to place marketing cookies.<\/p>\n<p><strong>11) How to manage your cookies<\/strong><br \/>\nYou can set your browser not to accept cookies. However, in some cases, some of our website features may not function as a result.<\/p>\n<p><strong>12) Privacy policies of other websites<\/strong><br \/>\nOur website contains links to other websites. Our privacy policy applies only to our website, so if you click on a link to another website, you should read their privacy policy.<\/p>\n<p><strong>13) Changes to our privacy policy<\/strong><br \/>\nWe keep our privacy policy under regular review and make updates on this web page. This privacy policy was last updated on 16\/03\/2022.<\/p>\n<p><strong>14) How to contact us<\/strong><br \/>\nIf you have any questions regarding our privacy policy, the data we hold on you, or you would like to exercise one of your data protection rights, please do not hesitate to contact us.<br \/>\nYou should do so through the contat form at the <a href=\"https:\/\/offy.pt\/index.php\/en\/contact\/\">contact page<\/a>.<\/p>\n<p><strong>15) How to contact the appropriate authorities<\/strong><br \/>\nShould you wish to report a complaint or if you feel that we have not addressed your concern in a satisfactory manner, you may contact the <a href=\"https:\/\/edps.europa.eu\/data-protection\/our-role-supervisor\/complaints_en\" target=\"_blank\" rel=\"noopener\">European Data Protection Supervisor<\/a>.[\/vc_column_text][\/vc_column][\/vc_row]\n","protected":false},"excerpt":{"rendered":"<p>[vc_row type=&#8221;in_container&#8221; full_screen_row_position=&#8221;middle&#8221; scene_position=&#8221;center&#8221; text_color=&#8221;dark&#8221; text_align=&#8221;left&#8221; overlay_strength=&#8221;0.3&#8243; shape_divider_position=&#8221;bottom&#8221; bg_image_animation=&#8221;none&#8221;][vc_column column_padding=&#8221;no-extra-padding&#8221; column_padding_position=&#8221;all&#8221; background_color_opacity=&#8221;1&#8243; background_hover_color_opacity=&#8221;1&#8243; column_link_target=&#8221;_self&#8221; column_shadow=&#8221;none&#8221; column_border_radius=&#8221;none&#8221; width=&#8221;1\/1&#8243; tablet_width_inherit=&#8221;default&#8221; tablet_text_alignment=&#8221;default&#8221; phone_text_alignment=&#8221;default&#8221; column_border_width=&#8221;none&#8221; column_border_style=&#8221;solid&#8221; bg_image_animation=&#8221;none&#8221; enable_animation=&#8221;true&#8221; animation=&#8221;fade-in-from-bottom&#8221;][vc_custom_heading text=&#8221;PRIVACY POLICY&#8221; font_container=&#8221;tag:h3|text_align:left|color:%23009cdb&#8221; use_theme_fonts=&#8221;yes&#8221;][\/vc_column][\/vc_row][vc_row type=&#8221;in_container&#8221;&#8230;<\/p>\n","protected":false},"author":1,"featured_media":0,"parent":0,"menu_order":0,"comment_status":"closed","ping_status":"closed","template":"","meta":{"footnotes":""},"class_list":["post-1240","page","type-page","status-publish"],"yoast_head":"<!-- This site is optimized with the Yoast SEO plugin v27.3 - https:\/\/yoast.com\/product\/yoast-seo-wordpress\/ -->\n<title>Offy - Privacy<\/title>\n<meta name=\"description\" content=\"Information regarding our privacy policy.\" \/>\n<meta name=\"robots\" content=\"index, follow, max-snippet:-1, max-image-preview:large, max-video-preview:-1\" \/>\n<link rel=\"canonical\" href=\"https:\/\/offy.pt\/index.php\/en\/privacy\/\" \/>\n<meta property=\"og:locale\" content=\"en_GB\" \/>\n<meta property=\"og:type\" content=\"article\" \/>\n<meta property=\"og:title\" content=\"Offy - Privacy\" \/>\n<meta property=\"og:description\" content=\"Information regarding our privacy policy.\" \/>\n<meta property=\"og:url\" content=\"https:\/\/offy.pt\/index.php\/en\/privacy\/\" \/>\n<meta property=\"og:site_name\" content=\"Offy\" \/>\n<meta property=\"article:modified_time\" content=\"2022-03-21T11:32:11+00:00\" \/>\n<meta name=\"twitter:card\" content=\"summary_large_image\" \/>\n<meta name=\"twitter:label1\" content=\"Estimated reading time\" \/>\n\t<meta name=\"twitter:data1\" content=\"8 minutes\" \/>\n<script type=\"application\/ld+json\" class=\"yoast-schema-graph\">{\"@context\":\"https:\\\/\\\/schema.org\",\"@graph\":[{\"@type\":\"WebPage\",\"@id\":\"https:\\\/\\\/offy.pt\\\/index.php\\\/en\\\/privacy\\\/\",\"url\":\"https:\\\/\\\/offy.pt\\\/index.php\\\/en\\\/privacy\\\/\",\"name\":\"Offy - Privacy\",\"isPartOf\":{\"@id\":\"https:\\\/\\\/offy.pt\\\/#website\"},\"datePublished\":\"2022-03-18T11:46:34+00:00\",\"dateModified\":\"2022-03-21T11:32:11+00:00\",\"description\":\"Information regarding our privacy policy.\",\"breadcrumb\":{\"@id\":\"https:\\\/\\\/offy.pt\\\/index.php\\\/en\\\/privacy\\\/#breadcrumb\"},\"inLanguage\":\"en-GB\",\"potentialAction\":[{\"@type\":\"ReadAction\",\"target\":[\"https:\\\/\\\/offy.pt\\\/index.php\\\/en\\\/privacy\\\/\"]}]},{\"@type\":\"BreadcrumbList\",\"@id\":\"https:\\\/\\\/offy.pt\\\/index.php\\\/en\\\/privacy\\\/#breadcrumb\",\"itemListElement\":[{\"@type\":\"ListItem\",\"position\":1,\"name\":\"Home\",\"item\":\"https:\\\/\\\/offy.pt\\\/\"},{\"@type\":\"ListItem\",\"position\":2,\"name\":\"Privacy &#8211; EN\"}]},{\"@type\":\"WebSite\",\"@id\":\"https:\\\/\\\/offy.pt\\\/#website\",\"url\":\"https:\\\/\\\/offy.pt\\\/\",\"name\":\"Offy - Equipamento de Escrit\u00f3rio\",\"description\":\"\",\"potentialAction\":[{\"@type\":\"SearchAction\",\"target\":{\"@type\":\"EntryPoint\",\"urlTemplate\":\"https:\\\/\\\/offy.pt\\\/?s={search_term_string}\"},\"query-input\":{\"@type\":\"PropertyValueSpecification\",\"valueRequired\":true,\"valueName\":\"search_term_string\"}}],\"inLanguage\":\"en-GB\"}]}<\/script>\n<!-- \/ Yoast SEO plugin. -->","yoast_head_json":{"title":"Offy - Privacy","description":"Information regarding our privacy policy.","robots":{"index":"index","follow":"follow","max-snippet":"max-snippet:-1","max-image-preview":"max-image-preview:large","max-video-preview":"max-video-preview:-1"},"canonical":"https:\/\/offy.pt\/index.php\/en\/privacy\/","og_locale":"en_GB","og_type":"article","og_title":"Offy - Privacy","og_description":"Information regarding our privacy policy.","og_url":"https:\/\/offy.pt\/index.php\/en\/privacy\/","og_site_name":"Offy","article_modified_time":"2022-03-21T11:32:11+00:00","twitter_card":"summary_large_image","twitter_misc":{"Estimated reading time":"8 minutes"},"schema":{"@context":"https:\/\/schema.org","@graph":[{"@type":"WebPage","@id":"https:\/\/offy.pt\/index.php\/en\/privacy\/","url":"https:\/\/offy.pt\/index.php\/en\/privacy\/","name":"Offy - Privacy","isPartOf":{"@id":"https:\/\/offy.pt\/#website"},"datePublished":"2022-03-18T11:46:34+00:00","dateModified":"2022-03-21T11:32:11+00:00","description":"Information regarding our privacy policy.","breadcrumb":{"@id":"https:\/\/offy.pt\/index.php\/en\/privacy\/#breadcrumb"},"inLanguage":"en-GB","potentialAction":[{"@type":"ReadAction","target":["https:\/\/offy.pt\/index.php\/en\/privacy\/"]}]},{"@type":"BreadcrumbList","@id":"https:\/\/offy.pt\/index.php\/en\/privacy\/#breadcrumb","itemListElement":[{"@type":"ListItem","position":1,"name":"Home","item":"https:\/\/offy.pt\/"},{"@type":"ListItem","position":2,"name":"Privacy &#8211; EN"}]},{"@type":"WebSite","@id":"https:\/\/offy.pt\/#website","url":"https:\/\/offy.pt\/","name":"Offy - Equipamento de Escrit\u00f3rio","description":"","potentialAction":[{"@type":"SearchAction","target":{"@type":"EntryPoint","urlTemplate":"https:\/\/offy.pt\/?s={search_term_string}"},"query-input":{"@type":"PropertyValueSpecification","valueRequired":true,"valueName":"search_term_string"}}],"inLanguage":"en-GB"}]}},"_links":{"self":[{"href":"https:\/\/offy.pt\/index.php\/wp-json\/wp\/v2\/pages\/1240","targetHints":{"allow":["GET"]}}],"collection":[{"href":"https:\/\/offy.pt\/index.php\/wp-json\/wp\/v2\/pages"}],"about":[{"href":"https:\/\/offy.pt\/index.php\/wp-json\/wp\/v2\/types\/page"}],"author":[{"embeddable":true,"href":"https:\/\/offy.pt\/index.php\/wp-json\/wp\/v2\/users\/1"}],"replies":[{"embeddable":true,"href":"https:\/\/offy.pt\/index.php\/wp-json\/wp\/v2\/comments?post=1240"}],"version-history":[{"count":8,"href":"https:\/\/offy.pt\/index.php\/wp-json\/wp\/v2\/pages\/1240\/revisions"}],"predecessor-version":[{"id":1260,"href":"https:\/\/offy.pt\/index.php\/wp-json\/wp\/v2\/pages\/1240\/revisions\/1260"}],"wp:attachment":[{"href":"https:\/\/offy.pt\/index.php\/wp-json\/wp\/v2\/media?parent=1240"}],"curies":[{"name":"wp","href":"https:\/\/api.w.org\/{rel}","templated":true}]}}