{"id":384,"date":"2019-07-31T10:44:26","date_gmt":"2019-07-31T09:44:26","guid":{"rendered":"https:\/\/offy.pt\/?page_id=384"},"modified":"2024-05-22T17:13:36","modified_gmt":"2024-05-22T16:13:36","slug":"descanso-pes-meko","status":"publish","type":"page","link":"https:\/\/offy.pt\/index.php\/descanso-pes-meko\/","title":{"rendered":"Meko &#8211; PT"},"content":{"rendered":"[vc_row type=&#8221;in_container&#8221; full_screen_row_position=&#8221;middle&#8221; scene_position=&#8221;center&#8221; text_color=&#8221;dark&#8221; text_align=&#8221;left&#8221; overlay_strength=&#8221;0.3&#8243; shape_divider_position=&#8221;bottom&#8221; bg_image_animation=&#8221;none&#8221; shape_type=&#8221;&#8221;][vc_column column_padding=&#8221;no-extra-padding&#8221; column_padding_position=&#8221;all&#8221; background_color_opacity=&#8221;1&#8243; background_hover_color_opacity=&#8221;1&#8243; column_link_target=&#8221;_self&#8221; column_shadow=&#8221;none&#8221; column_border_radius=&#8221;none&#8221; width=&#8221;1\/1&#8243; tablet_width_inherit=&#8221;default&#8221; tablet_text_alignment=&#8221;default&#8221; phone_text_alignment=&#8221;default&#8221; column_border_width=&#8221;none&#8221; column_border_style=&#8221;solid&#8221; bg_image_animation=&#8221;none&#8221;][vc_gallery type=&#8221;flickity_style&#8221; images=&#8221;453,454,455,456,457,458,460,462,463&#8243; flickity_controls=&#8221;pagination&#8221; flickity_desktop_columns=&#8221;3&#8243; flickity_small_desktop_columns=&#8221;3&#8243; flickity_tablet_columns=&#8221;1&#8243; flickity_autoplay=&#8221;true&#8221; flickity_box_shadow=&#8221;none&#8221; onclick=&#8221;link_image&#8221; img_size=&#8221;full&#8221;][\/vc_column][\/vc_row][vc_row type=&#8221;in_container&#8221; full_screen_row_position=&#8221;middle&#8221; scene_position=&#8221;center&#8221; text_color=&#8221;dark&#8221; text_align=&#8221;center&#8221; top_padding=&#8221;20&#8243; bottom_padding=&#8221;20&#8243; overlay_strength=&#8221;0.3&#8243; shape_divider_position=&#8221;bottom&#8221; bg_image_animation=&#8221;none&#8221; shape_type=&#8221;waves_opacity_alt&#8221;][vc_column column_padding=&#8221;no-extra-padding&#8221; column_padding_position=&#8221;all&#8221; background_color_opacity=&#8221;1&#8243; background_hover_color_opacity=&#8221;1&#8243; column_link_target=&#8221;_self&#8221; column_shadow=&#8221;none&#8221; column_border_radius=&#8221;none&#8221; width=&#8221;1\/1&#8243; tablet_width_inherit=&#8221;default&#8221; tablet_text_alignment=&#8221;default&#8221; phone_text_alignment=&#8221;default&#8221; column_border_width=&#8221;none&#8221; column_border_style=&#8221;solid&#8221; bg_image_animation=&#8221;none&#8221;][vc_column_text]\n<h1 style=\"text-align: center;\">MEKO<\/h1>\n[\/vc_column_text][vc_column_text]\n<h3 style=\"text-align: center;\"><span style=\"color: #009cdb;\">A produtividade come\u00e7a no conforto<\/span><\/h3>\n[\/vc_column_text][\/vc_column][\/vc_row][vc_row type=&#8221;full_width_background&#8221; full_screen_row_position=&#8221;middle&#8221; equal_height=&#8221;yes&#8221; content_placement=&#8221;middle&#8221; scene_position=&#8221;center&#8221; text_color=&#8221;dark&#8221; text_align=&#8221;left&#8221; top_padding=&#8221;20&#8243; bottom_padding=&#8221;40&#8243; overlay_strength=&#8221;0.3&#8243; shape_divider_position=&#8221;bottom&#8221; bg_image_animation=&#8221;none&#8221; shape_type=&#8221;&#8221;][vc_column column_padding=&#8221;padding-2-percent&#8221; column_padding_position=&#8221;left&#8221; background_color_opacity=&#8221;1&#8243; background_hover_color_opacity=&#8221;1&#8243; column_link_target=&#8221;_self&#8221; column_shadow=&#8221;none&#8221; column_border_radius=&#8221;none&#8221; width=&#8221;3\/5&#8243; tablet_width_inherit=&#8221;default&#8221; tablet_text_alignment=&#8221;default&#8221; phone_text_alignment=&#8221;default&#8221; column_border_width=&#8221;none&#8221; column_border_style=&#8221;solid&#8221; bg_image_animation=&#8221;none&#8221; enable_animation=&#8221;true&#8221; animation=&#8221;fade-in-from-bottom&#8221;][vc_column_text]O conforto \u00e9 a chave para a concentra\u00e7\u00e3o e a produtividade. Com textura relaxante para uso descal\u00e7o, inclina\u00e7\u00e3o e altura ajust\u00e1veis, e p\u00e9s em borracha antiderrapante, o Offy Meko contribui para o melhor desempenho profissional.[\/vc_column_text][\/vc_column][vc_column column_padding=&#8221;no-extra-padding&#8221; column_padding_position=&#8221;top-bottom&#8221; background_color_opacity=&#8221;1&#8243; background_hover_color_opacity=&#8221;1&#8243; font_color=&#8221;#009cdb&#8221; column_link_target=&#8221;_self&#8221; column_shadow=&#8221;none&#8221; column_border_radius=&#8221;5px&#8221; width=&#8221;2\/5&#8243; tablet_width_inherit=&#8221;default&#8221; tablet_text_alignment=&#8221;default&#8221; phone_text_alignment=&#8221;default&#8221; column_border_width=&#8221;1px&#8221; column_border_color=&#8221;#009cdb&#8221; bg_image_animation=&#8221;none&#8221; enable_animation=&#8221;true&#8221; animation=&#8221;fade-in-from-bottom&#8221;][vc_column_text css=&#8221;.vc_custom_1565972705251{padding-top: 5% !important;padding-right: 5% !important;padding-bottom: 5% !important;padding-left: 5% !important;}&#8221;]Ideal para escrit\u00f3rios profissionais e dom\u00e9sticos, o Offy Meko proporciona uma postura correta e confort\u00e1vel, ajustando-se ao utilizador.[\/vc_column_text][\/vc_column][\/vc_row][vc_row type=&#8221;full_width_background&#8221; full_screen_row_position=&#8221;middle&#8221; equal_height=&#8221;yes&#8221; content_placement=&#8221;middle&#8221; bg_color=&#8221;#cfe6f6&#8243; scene_position=&#8221;center&#8221; text_color=&#8221;dark&#8221; text_align=&#8221;left&#8221; top_padding=&#8221;0&#8243; bottom_padding=&#8221;0&#8243; overlay_strength=&#8221;0.3&#8243; shape_divider_position=&#8221;bottom&#8221; bg_image_animation=&#8221;fade-in&#8221; shape_type=&#8221;&#8221;][vc_column column_padding=&#8221;padding-2-percent&#8221; column_padding_position=&#8221;all&#8221; background_color_opacity=&#8221;1&#8243; background_hover_color_opacity=&#8221;1&#8243; column_link_target=&#8221;_self&#8221; column_shadow=&#8221;none&#8221; column_border_radius=&#8221;none&#8221; top_margin=&#8221;0&#8243; bottom_margin=&#8221;0&#8243; width=&#8221;2\/5&#8243; tablet_width_inherit=&#8221;default&#8221; tablet_text_alignment=&#8221;default&#8221; phone_text_alignment=&#8221;default&#8221; column_border_width=&#8221;none&#8221; column_border_style=&#8221;solid&#8221; bg_image_animation=&#8221;none&#8221; enable_animation=&#8221;true&#8221; animation=&#8221;fade-in-from-bottom&#8221;][toggles style=&#8221;minimal&#8221; accordion=&#8221;true&#8221;][toggle color=&#8221;Accent-Color&#8221; title=&#8221;Especifica\u00e7\u00f5es&#8221;][vc_column_text]Dimens\u00f5es: 46 x 11 x 35 cm (L x A x P)<br \/>\nMateriais: poliestireno de alto impacto, metal, borracha[\/vc_column_text][\/toggle][toggle color=&#8221;Default&#8221; title=&#8221;Ajustes&#8221;][vc_column_text]Ajuste da plataforma:<br \/>\n&#8211; Posi\u00e7\u00e3o 1: 11 cm de altura + \u00e2ngulo de 20\u00b0<br \/>\n(10\u00b0 frente + 10\u00b0 traseira)<br \/>\n&#8211; Posi\u00e7\u00e3o 2: 14 cm de altura + \u00e2ngulo de 50\u00b0<br \/>\n(25\u00b0 frente + 25\u00b0 traseira)<br \/>\n&#8211; Posi\u00e7\u00e3o 3: 17 cm de altura + \u00e2ngulo de 60\u00b0<br \/>\n(30\u00b0 frente + 30\u00b0 traseira)[\/vc_column_text][\/toggle][toggle color=&#8221;Default&#8221; title=&#8221;Log\u00edstica&#8221;][vc_column_text]Peso l\u00edquido: 2 kg<br \/>\nPeso bruto: 2.5 kg<br \/>\nDimens\u00f5es da embalagem: 56.5 x 37 x 47.5 cm<br \/>\nSKU: OFFYMEKO<br \/>\nEAN: 5600413203644[\/vc_column_text][\/toggle][\/toggles][\/vc_column][vc_column column_padding=&#8221;no-extra-padding&#8221; column_padding_position=&#8221;all&#8221; background_color_opacity=&#8221;1&#8243; background_hover_color_opacity=&#8221;1&#8243; column_link_target=&#8221;_self&#8221; column_shadow=&#8221;none&#8221; column_border_radius=&#8221;none&#8221; width=&#8221;1\/5&#8243; tablet_width_inherit=&#8221;default&#8221; tablet_text_alignment=&#8221;default&#8221; phone_text_alignment=&#8221;default&#8221; column_border_width=&#8221;none&#8221; column_border_style=&#8221;solid&#8221; bg_image_animation=&#8221;none&#8221;][\/vc_column][vc_column column_padding=&#8221;padding-2-percent&#8221; column_padding_position=&#8221;top-bottom&#8221; background_color_opacity=&#8221;1&#8243; background_hover_color_opacity=&#8221;1&#8243; column_link_target=&#8221;_self&#8221; column_shadow=&#8221;none&#8221; column_border_radius=&#8221;none&#8221; width=&#8221;2\/5&#8243; tablet_width_inherit=&#8221;default&#8221; tablet_text_alignment=&#8221;default&#8221; phone_text_alignment=&#8221;default&#8221; column_border_width=&#8221;none&#8221; column_border_style=&#8221;solid&#8221; bg_image_animation=&#8221;none&#8221; enable_animation=&#8221;true&#8221; animation=&#8221;fade-in-from-bottom&#8221;][vc_row_inner column_margin=&#8221;none&#8221; top_padding=&#8221;0&#8243; bottom_padding=&#8221;0&#8243; text_align=&#8221;left&#8221;][vc_column_inner column_padding=&#8221;no-extra-padding&#8221; column_padding_position=&#8221;all&#8221; background_color=&#8221;#ffffff&#8221; background_color_opacity=&#8221;1&#8243; background_hover_color_opacity=&#8221;1&#8243; column_shadow=&#8221;none&#8221; column_border_radius=&#8221;none&#8221; top_margin=&#8221;0&#8243; bottom_margin=&#8221;20&#8243; column_link_target=&#8221;_self&#8221; width=&#8221;1\/1&#8243; tablet_width_inherit=&#8221;default&#8221; column_border_width=&#8221;none&#8221; column_border_style=&#8221;solid&#8221; bg_image_animation=&#8221;none&#8221;][nectar_image_with_hotspots image=&#8221;450&#8243; preview=&#8221;https:\/\/offy.pt\/wp-content\/uploads\/2019\/08\/highlights.jpg&#8221; color_1=&#8221;Accent-Color&#8221; hotspot_icon=&#8221;plus_sign&#8221; tooltip=&#8221;hover&#8221; tooltip_shadow=&#8221;small_depth&#8221; animation=&#8221;true&#8221;][nectar_hotspot left=&#8221;15.2309%&#8221; top=&#8221;65.1507%&#8221; position=&#8221;top&#8221;]\u00c2ngulo e altura ajust\u00e1veis[\/nectar_hotspot][nectar_hotspot left=&#8221;47.743443080357146%&#8221; top=&#8221;42.068917410714285%&#8221; position=&#8221;top&#8221;]Textura relaxante para uso descal\u00e7o[\/nectar_hotspot][nectar_hotspot left=&#8221;84.23897879464286%&#8221; top=&#8221;58.79255022321429%&#8221; position=&#8221;top&#8221;]P\u00e9s em borracha antiderrapante[\/nectar_hotspot][\/nectar_image_with_hotspots][\/vc_column_inner][\/vc_row_inner][\/vc_column][\/vc_row][vc_row type=&#8221;in_container&#8221; full_screen_row_position=&#8221;middle&#8221; scene_position=&#8221;center&#8221; text_color=&#8221;dark&#8221; text_align=&#8221;left&#8221; top_padding=&#8221;20&#8243; bottom_padding=&#8221;20&#8243; overlay_strength=&#8221;0.3&#8243; shape_divider_position=&#8221;bottom&#8221; bg_image_animation=&#8221;none&#8221; shape_type=&#8221;curve_opacity&#8221;][vc_column column_padding=&#8221;padding-2-percent&#8221; column_padding_position=&#8221;all&#8221; background_color_opacity=&#8221;1&#8243; background_hover_color_opacity=&#8221;1&#8243; column_link_target=&#8221;_self&#8221; column_shadow=&#8221;none&#8221; column_border_radius=&#8221;none&#8221; width=&#8221;3\/4&#8243; tablet_width_inherit=&#8221;default&#8221; tablet_text_alignment=&#8221;default&#8221; phone_text_alignment=&#8221;default&#8221; column_border_width=&#8221;none&#8221; column_border_style=&#8221;solid&#8221; bg_image_animation=&#8221;none&#8221; enable_animation=&#8221;true&#8221; animation=&#8221;fade-in-from-bottom&#8221;][vc_column_text]\n<h3><span style=\"color: #009cdb;\">DIMENS\u00d5ES DETALHADAS<\/span><\/h3>\n[\/vc_column_text][vc_row_inner equal_height=&#8221;yes&#8221; content_placement=&#8221;top&#8221; column_margin=&#8221;default&#8221; text_align=&#8221;left&#8221;][vc_column_inner column_padding=&#8221;no-extra-padding&#8221; column_padding_position=&#8221;all&#8221; background_color_opacity=&#8221;1&#8243; background_hover_color_opacity=&#8221;1&#8243; column_shadow=&#8221;none&#8221; column_border_radius=&#8221;none&#8221; column_link_target=&#8221;_self&#8221; width=&#8221;1\/4&#8243; tablet_width_inherit=&#8221;default&#8221; column_border_width=&#8221;none&#8221; column_border_style=&#8221;solid&#8221; bg_image_animation=&#8221;none&#8221;][vc_column_text]<strong>A<\/strong> &#8211; 46 cm<br \/>\n<strong>B<\/strong> &#8211; 35 cm<br \/>\n<strong>C<\/strong> &#8211; 11 cm[\/vc_column_text][\/vc_column_inner][vc_column_inner column_padding=&#8221;no-extra-padding&#8221; column_padding_position=&#8221;all&#8221; background_color_opacity=&#8221;1&#8243; background_hover_color_opacity=&#8221;1&#8243; column_shadow=&#8221;none&#8221; column_border_radius=&#8221;none&#8221; column_link_target=&#8221;_self&#8221; width=&#8221;3\/4&#8243; tablet_width_inherit=&#8221;default&#8221; column_border_width=&#8221;none&#8221; column_border_style=&#8221;solid&#8221; bg_image_animation=&#8221;none&#8221;][image_with_animation image_url=&#8221;451&#8243; alignment=&#8221;center&#8221; animation=&#8221;Fade In From Bottom&#8221; border_radius=&#8221;none&#8221; box_shadow=&#8221;none&#8221; max_width=&#8221;100%&#8221;][\/vc_column_inner][\/vc_row_inner][\/vc_column][vc_column column_padding=&#8221;padding-2-percent&#8221; column_padding_position=&#8221;all&#8221; background_color=&#8221;#e6f5fb&#8221; background_color_opacity=&#8221;1&#8243; background_hover_color_opacity=&#8221;1&#8243; column_link_target=&#8221;_self&#8221; column_shadow=&#8221;none&#8221; column_border_radius=&#8221;5px&#8221; top_margin=&#8221;5%&#8221; width=&#8221;1\/4&#8243; tablet_width_inherit=&#8221;default&#8221; tablet_text_alignment=&#8221;default&#8221; phone_text_alignment=&#8221;default&#8221; column_border_width=&#8221;none&#8221; column_border_color=&#8221;#009cdb&#8221; bg_image_animation=&#8221;none&#8221; enable_animation=&#8221;true&#8221; animation=&#8221;fade-in-from-bottom&#8221;][vc_column_text]\n<h3><span style=\"color: #009cdb;\">DOWNLOADS<\/span><\/h3>\n[\/vc_column_text][nectar_btn size=&#8221;large&#8221; open_new_tab=&#8221;true&#8221; button_style=&#8221;see-through-2&#8243; color_override=&#8221;#5c8191&#8243; hover_color_override=&#8221;#009cdb&#8221; hover_text_color_override=&#8221;#ffffff&#8221; icon_family=&#8221;fontawesome&#8221; url=&#8221;https:\/\/www.offy.pt\/downloads\/datasheets\/offy_meko_datasheet_PT.pdf&#8221; text=&#8221;Ficha Informativa&#8221; css_animation=&#8221;fadeInUp&#8221; margin_top=&#8221;30%&#8221; margin_bottom=&#8221;10%&#8221; icon_fontawesome=&#8221;fa fa-file-o&#8221;][nectar_btn size=&#8221;large&#8221; open_new_tab=&#8221;true&#8221; button_style=&#8221;see-through-2&#8243; color_override=&#8221;#5c8191&#8243; hover_color_override=&#8221;#009cdb&#8221; hover_text_color_override=&#8221;#ffffff&#8221; icon_family=&#8221;fontawesome&#8221; url=&#8221;https:\/\/www.offy.pt\/downloads\/images\/offy_meko.zip&#8221; text=&#8221;Imagens do Produto&#8221; css_animation=&#8221;fadeInUp&#8221; icon_fontawesome=&#8221;fa fa-picture-o&#8221; margin_top=&#8221;10%&#8221; margin_bottom=&#8221;10%&#8221;][nectar_btn size=&#8221;large&#8221; open_new_tab=&#8221;true&#8221; button_style=&#8221;see-through-2&#8243; color_override=&#8221;#5c8191&#8243; hover_color_override=&#8221;#009cdb&#8221; hover_text_color_override=&#8221;#ffffff&#8221; icon_family=&#8221;fontawesome&#8221; url=&#8221;https:\/\/www.offy.pt\/downloads\/user_guides\/offy_meko.pdf&#8221; text=&#8221;Guia de Utilizador&#8221; css_animation=&#8221;fadeInUp&#8221; margin_top=&#8221;10%&#8221; icon_fontawesome=&#8221;fa fa-wrench&#8221;][\/vc_column][\/vc_row]\n","protected":false},"excerpt":{"rendered":"<p>[vc_row type=&#8221;in_container&#8221; full_screen_row_position=&#8221;middle&#8221; scene_position=&#8221;center&#8221; text_color=&#8221;dark&#8221; text_align=&#8221;left&#8221; overlay_strength=&#8221;0.3&#8243; shape_divider_position=&#8221;bottom&#8221; bg_image_animation=&#8221;none&#8221; shape_type=&#8221;&#8221;][vc_column column_padding=&#8221;no-extra-padding&#8221; column_padding_position=&#8221;all&#8221; background_color_opacity=&#8221;1&#8243; background_hover_color_opacity=&#8221;1&#8243; column_link_target=&#8221;_self&#8221; column_shadow=&#8221;none&#8221; column_border_radius=&#8221;none&#8221; width=&#8221;1\/1&#8243; tablet_width_inherit=&#8221;default&#8221; tablet_text_alignment=&#8221;default&#8221; phone_text_alignment=&#8221;default&#8221; column_border_width=&#8221;none&#8221; column_border_style=&#8221;solid&#8221; bg_image_animation=&#8221;none&#8221;][vc_gallery type=&#8221;flickity_style&#8221; images=&#8221;453,454,455,456,457,458,460,462,463&#8243; flickity_controls=&#8221;pagination&#8221; flickity_desktop_columns=&#8221;3&#8243; flickity_small_desktop_columns=&#8221;3&#8243; flickity_tablet_columns=&#8221;1&#8243;&#8230;<\/p>\n","protected":false},"author":1,"featured_media":0,"parent":0,"menu_order":0,"comment_status":"closed","ping_status":"closed","template":"","meta":{"footnotes":""},"class_list":["post-384","page","type-page","status-publish"],"yoast_head":"<!-- This site is optimized with the Yoast SEO plugin v27.4 - https:\/\/yoast.com\/product\/yoast-seo-wordpress\/ -->\n<title>Offy Meko - A produtividade come\u00e7a no conforto<\/title>\n<meta name=\"description\" content=\"O conforto \u00e9 a chave para a concentra\u00e7\u00e3o e a produtividade, o Offy Meko contribui para o melhor desempenho profissional.\" \/>\n<meta name=\"robots\" content=\"index, follow, max-snippet:-1, max-image-preview:large, max-video-preview:-1\" \/>\n<link rel=\"canonical\" href=\"https:\/\/offy.pt\/index.php\/descanso-pes-meko\/\" \/>\n<meta property=\"og:locale\" content=\"en_GB\" \/>\n<meta property=\"og:type\" content=\"article\" \/>\n<meta property=\"og:title\" content=\"Offy Meko - A produtividade come\u00e7a no conforto\" \/>\n<meta property=\"og:description\" content=\"O conforto \u00e9 a chave para a concentra\u00e7\u00e3o e a produtividade, o Offy Meko contribui para o melhor desempenho profissional.\" \/>\n<meta property=\"og:url\" content=\"https:\/\/offy.pt\/index.php\/descanso-pes-meko\/\" \/>\n<meta property=\"og:site_name\" content=\"Offy\" \/>\n<meta property=\"article:modified_time\" content=\"2024-05-22T16:13:36+00:00\" \/>\n<meta name=\"twitter:card\" content=\"summary_large_image\" \/>\n<meta name=\"twitter:label1\" content=\"Estimated reading time\" \/>\n\t<meta name=\"twitter:data1\" content=\"3 minutes\" \/>\n<script type=\"application\/ld+json\" class=\"yoast-schema-graph\">{\"@context\":\"https:\\\/\\\/schema.org\",\"@graph\":[{\"@type\":\"WebPage\",\"@id\":\"https:\\\/\\\/offy.pt\\\/index.php\\\/descanso-pes-meko\\\/\",\"url\":\"https:\\\/\\\/offy.pt\\\/index.php\\\/descanso-pes-meko\\\/\",\"name\":\"Offy Meko - A produtividade come\u00e7a no conforto\",\"isPartOf\":{\"@id\":\"https:\\\/\\\/offy.pt\\\/#website\"},\"datePublished\":\"2019-07-31T09:44:26+00:00\",\"dateModified\":\"2024-05-22T16:13:36+00:00\",\"description\":\"O conforto \u00e9 a chave para a concentra\u00e7\u00e3o e a produtividade, o Offy Meko contribui para o melhor desempenho profissional.\",\"breadcrumb\":{\"@id\":\"https:\\\/\\\/offy.pt\\\/index.php\\\/descanso-pes-meko\\\/#breadcrumb\"},\"inLanguage\":\"en-GB\",\"potentialAction\":[{\"@type\":\"ReadAction\",\"target\":[\"https:\\\/\\\/offy.pt\\\/index.php\\\/descanso-pes-meko\\\/\"]}]},{\"@type\":\"BreadcrumbList\",\"@id\":\"https:\\\/\\\/offy.pt\\\/index.php\\\/descanso-pes-meko\\\/#breadcrumb\",\"itemListElement\":[{\"@type\":\"ListItem\",\"position\":1,\"name\":\"Home\",\"item\":\"https:\\\/\\\/offy.pt\\\/\"},{\"@type\":\"ListItem\",\"position\":2,\"name\":\"Meko &#8211; PT\"}]},{\"@type\":\"WebSite\",\"@id\":\"https:\\\/\\\/offy.pt\\\/#website\",\"url\":\"https:\\\/\\\/offy.pt\\\/\",\"name\":\"Offy - Equipamento de Escrit\u00f3rio\",\"description\":\"\",\"potentialAction\":[{\"@type\":\"SearchAction\",\"target\":{\"@type\":\"EntryPoint\",\"urlTemplate\":\"https:\\\/\\\/offy.pt\\\/?s={search_term_string}\"},\"query-input\":{\"@type\":\"PropertyValueSpecification\",\"valueRequired\":true,\"valueName\":\"search_term_string\"}}],\"inLanguage\":\"en-GB\"}]}<\/script>\n<!-- \/ Yoast SEO plugin. -->","yoast_head_json":{"title":"Offy Meko - A produtividade come\u00e7a no conforto","description":"O conforto \u00e9 a chave para a concentra\u00e7\u00e3o e a produtividade, o Offy Meko contribui para o melhor desempenho profissional.","robots":{"index":"index","follow":"follow","max-snippet":"max-snippet:-1","max-image-preview":"max-image-preview:large","max-video-preview":"max-video-preview:-1"},"canonical":"https:\/\/offy.pt\/index.php\/descanso-pes-meko\/","og_locale":"en_GB","og_type":"article","og_title":"Offy Meko - A produtividade come\u00e7a no conforto","og_description":"O conforto \u00e9 a chave para a concentra\u00e7\u00e3o e a produtividade, o Offy Meko contribui para o melhor desempenho profissional.","og_url":"https:\/\/offy.pt\/index.php\/descanso-pes-meko\/","og_site_name":"Offy","article_modified_time":"2024-05-22T16:13:36+00:00","twitter_card":"summary_large_image","twitter_misc":{"Estimated reading time":"3 minutes"},"schema":{"@context":"https:\/\/schema.org","@graph":[{"@type":"WebPage","@id":"https:\/\/offy.pt\/index.php\/descanso-pes-meko\/","url":"https:\/\/offy.pt\/index.php\/descanso-pes-meko\/","name":"Offy Meko - A produtividade come\u00e7a no conforto","isPartOf":{"@id":"https:\/\/offy.pt\/#website"},"datePublished":"2019-07-31T09:44:26+00:00","dateModified":"2024-05-22T16:13:36+00:00","description":"O conforto \u00e9 a chave para a concentra\u00e7\u00e3o e a produtividade, o Offy Meko contribui para o melhor desempenho profissional.","breadcrumb":{"@id":"https:\/\/offy.pt\/index.php\/descanso-pes-meko\/#breadcrumb"},"inLanguage":"en-GB","potentialAction":[{"@type":"ReadAction","target":["https:\/\/offy.pt\/index.php\/descanso-pes-meko\/"]}]},{"@type":"BreadcrumbList","@id":"https:\/\/offy.pt\/index.php\/descanso-pes-meko\/#breadcrumb","itemListElement":[{"@type":"ListItem","position":1,"name":"Home","item":"https:\/\/offy.pt\/"},{"@type":"ListItem","position":2,"name":"Meko &#8211; PT"}]},{"@type":"WebSite","@id":"https:\/\/offy.pt\/#website","url":"https:\/\/offy.pt\/","name":"Offy - Equipamento de Escrit\u00f3rio","description":"","potentialAction":[{"@type":"SearchAction","target":{"@type":"EntryPoint","urlTemplate":"https:\/\/offy.pt\/?s={search_term_string}"},"query-input":{"@type":"PropertyValueSpecification","valueRequired":true,"valueName":"search_term_string"}}],"inLanguage":"en-GB"}]}},"_links":{"self":[{"href":"https:\/\/offy.pt\/index.php\/wp-json\/wp\/v2\/pages\/384","targetHints":{"allow":["GET"]}}],"collection":[{"href":"https:\/\/offy.pt\/index.php\/wp-json\/wp\/v2\/pages"}],"about":[{"href":"https:\/\/offy.pt\/index.php\/wp-json\/wp\/v2\/types\/page"}],"author":[{"embeddable":true,"href":"https:\/\/offy.pt\/index.php\/wp-json\/wp\/v2\/users\/1"}],"replies":[{"embeddable":true,"href":"https:\/\/offy.pt\/index.php\/wp-json\/wp\/v2\/comments?post=384"}],"version-history":[{"count":12,"href":"https:\/\/offy.pt\/index.php\/wp-json\/wp\/v2\/pages\/384\/revisions"}],"predecessor-version":[{"id":1530,"href":"https:\/\/offy.pt\/index.php\/wp-json\/wp\/v2\/pages\/384\/revisions\/1530"}],"wp:attachment":[{"href":"https:\/\/offy.pt\/index.php\/wp-json\/wp\/v2\/media?parent=384"}],"curies":[{"name":"wp","href":"https:\/\/api.w.org\/{rel}","templated":true}]}}